{"id":64,"date":"2024-07-26T14:24:09","date_gmt":"2024-07-26T14:24:09","guid":{"rendered":"https:\/\/dummy.xtemos.com\/woodmart2\/vegetables\/?page_id=64"},"modified":"2026-04-04T03:47:09","modified_gmt":"2026-04-04T07:47:09","slug":"contactez-nous","status":"publish","type":"page","link":"https:\/\/www.boucheriebeirut.com\/fr\/contact-us\/","title":{"rendered":"Contactez-nous"},"content":{"rendered":"<div class=\"wpb-content-wrapper\"><div class=\"vc_row wpb_row vc_row-fluid vc_custom_1721913803814 vc_row-o-content-middle vc_row-flex wd-rs-66a251c787ede\"><div class=\"wpb_column vc_column_container vc_col-sm-5 wd-rs-65ddf06fe732e\"><div class=\"vc_column-inner vc_custom_1709043830851\"><div class=\"wpb_wrapper\">\n\t\t<div id=\"wd-69032ec43a651\" class=\"title-wrapper wd-wpb wd-set-mb reset-last-child  wd-rs-69032ec43a651 wd-title-color-default wd-title-style-default text-left vc_custom_1761816270000 wd-underline-colored\">\n\t\t\t\n\t\t\t<div class=\"liner-continer\">\n\t\t\t\t<h4 class=\"woodmart-title-container title  wd-font-weight- wd-fontsize-l\" >Boucherie Beirut<\/h4>\n\t\t\t\t\t\t\t<\/div>\n\t\t\t\n\t\t\t\n\t\t\t\n\t\t<\/div>\n\t\t\n\t\t\t\t<div id=\"wd-69032ee5afc0b\" class=\"wd-text-block wd-wpb reset-last-child wd-rs-69032ee5afc0b text-left wd-font-weight-600 wd-fontsize-custom vc_custom_1761816316071\">\n\t\t\t<p><a href=\"https:\/\/maps.app.goo.gl\/Wh8fTn9ErYauwUAE9\"><u>800 Bd Chomedey #125, Laval, Quebec H7V 3X1<\/u><\/a><\/p>\n\t\t<\/div>\n\t\t\t\t<div id=\"wd-69032f0e40fd0\" class=\"wd-text-block wd-wpb reset-last-child wd-rs-69032f0e40fd0 text-left wd-width-custom\">\n\t\t\t<p>Lundi \u2013 samedi : 10 h \u2013 18 h 30<\/p>\n<p>Dimanche : 10 h 00 \u2013 17 h 00<\/p>\n<p><strong>Les heures d'ouverture peuvent varier lors des jours f\u00e9ri\u00e9s f\u00e9d\u00e9raux et provinciaux. N'h\u00e9sitez pas \u00e0 nous appeler ou \u00e0 nous envoyer un message pour confirmer avant votre visite.<\/strong><\/p>\n\t\t<\/div>\n\t\t<div class=\"vc_row wpb_row vc_inner vc_row-fluid\"><div class=\"wpb_column vc_column_container vc_col-sm-12 vc_col-lg-6 wd-rs-65ddf09fd34b4\"><div class=\"vc_column-inner vc_custom_1709043879070\"><div class=\"wpb_wrapper\">\n\t\t<div id=\"wd-65ddef977ecc5\" class=\"title-wrapper wd-wpb wd-set-mb reset-last-child  wd-rs-65ddef977ecc5 wd-title-color-default wd-title-style-default text-left vc_custom_1709043625318 wd-underline-colored\">\n\t\t\t\n\t\t\t<div class=\"liner-continer\">\n\t\t\t\t<h4 class=\"woodmart-title-container title  wd-font-weight- wd-fontsize-l\" >T\u00e9l\u00e9phone<\/h4>\n\t\t\t\t\t\t\t<\/div>\n\t\t\t\n\t\t\t\n\t\t\t\n\t\t<\/div>\n\t\t\n\t\t\t\t<div id=\"wd-69032fc01f3d5\" class=\"wd-text-block wd-wpb reset-last-child wd-rs-69032fc01f3d5 text-left wd-font-weight-600 wd-fontsize-custom vc_custom_1761816561092\">\n\t\t\t<p><a href=\"tel:4506340184\"><u>(450) 634-0184<\/u><\/a><\/p>\n\t\t<\/div>\n\t\t<\/div><\/div><\/div><div class=\"wpb_column vc_column_container vc_col-sm-12 vc_col-lg-6 wd-rs-65ddf0a87f55f\"><div class=\"vc_column-inner vc_custom_1709043887136\"><div class=\"wpb_wrapper\"><\/div><\/div><\/div><\/div><\/div><\/div><\/div><div class=\"wpb_column vc_column_container vc_col-sm-7 wd-rs-65ddf0f09e2d4\"><div class=\"vc_column-inner vc_custom_1709043957606\"><div class=\"wpb_wrapper\"><div class=\"vc_row wpb_row vc_inner vc_row-fluid vc_custom_1721987743513 vc_row-has-fill wd-rs-66a372995a5aa\"><div class=\"wpb_column vc_column_container vc_col-sm-12 wd-rs-65ddeea09e1f9\"><div class=\"vc_column-inner vc_custom_1709043364664\"><div class=\"wpb_wrapper\">\n\t\t<div id=\"wd-65ddeeccd01f3\" class=\"title-wrapper wd-wpb wd-set-mb reset-last-child  wd-rs-65ddeeccd01f3 wd-title-color-default wd-title-style-default text-left vc_custom_1709043409052 wd-underline-colored\">\n\t\t\t\n\t\t\t<div class=\"liner-continer\">\n\t\t\t\t<h4 class=\"woodmart-title-container title  wd-font-weight- wd-fontsize-l\" >Prendre contact<\/h4>\n\t\t\t\t\t\t\t<\/div>\n\t\t\t\n\t\t\t\n\t\t\t\n\t\t<\/div>\n\t\t\n\t\t<\/div><\/div><\/div><\/div><\/div><\/div><\/div><\/div>\n<\/div>","protected":false},"excerpt":{"rendered":"Boucherie Beirut 800 Bd Chomedey #125, Laval, Quebec H7V 3X1 Monday - Saturday: 10.00am - 6.30pm Sunday: 10.00am \u2013 5.00pm","protected":false},"author":1,"featured_media":0,"parent":0,"menu_order":0,"comment_status":"closed","ping_status":"closed","template":"","meta":{"footnotes":""},"class_list":["post-64","page","type-page","status-publish","hentry"],"aioseo_notices":[],"jetpack_sharing_enabled":true,"_links":{"self":[{"href":"https:\/\/www.boucheriebeirut.com\/fr\/wp-json\/wp\/v2\/pages\/64","targetHints":{"allow":["GET"]}}],"collection":[{"href":"https:\/\/www.boucheriebeirut.com\/fr\/wp-json\/wp\/v2\/pages"}],"about":[{"href":"https:\/\/www.boucheriebeirut.com\/fr\/wp-json\/wp\/v2\/types\/page"}],"author":[{"embeddable":true,"href":"https:\/\/www.boucheriebeirut.com\/fr\/wp-json\/wp\/v2\/users\/1"}],"replies":[{"embeddable":true,"href":"https:\/\/www.boucheriebeirut.com\/fr\/wp-json\/wp\/v2\/comments?post=64"}],"version-history":[{"count":0,"href":"https:\/\/www.boucheriebeirut.com\/fr\/wp-json\/wp\/v2\/pages\/64\/revisions"}],"wp:attachment":[{"href":"https:\/\/www.boucheriebeirut.com\/fr\/wp-json\/wp\/v2\/media?parent=64"}],"curies":[{"name":"wp","href":"https:\/\/api.w.org\/{rel}","templated":true}]}}