{"id":66,"date":"2024-07-26T14:24:23","date_gmt":"2024-07-26T14:24:23","guid":{"rendered":"https:\/\/dummy.xtemos.com\/woodmart2\/vegetables\/?page_id=66"},"modified":"2026-03-17T02:02:51","modified_gmt":"2026-03-17T06:02:51","slug":"livraison","status":"publish","type":"page","link":"https:\/\/www.boucheriebeirut.com\/fr\/delivery\/","title":{"rendered":"Livraison"},"content":{"rendered":"<div class=\"wpb-content-wrapper\"><div class=\"vc_row wpb_row vc_row-fluid vc_custom_1721992773200 vc_row-has-fill wd-rs-66a3863f6cc63\"><div class=\"wpb_column vc_column_container vc_col-sm-12 wd-rs-65ddf436840f4\"><div class=\"vc_column-inner vc_custom_1709044794401\"><div class=\"wpb_wrapper\">\n\t\t<div id=\"wd-69030792e7712\" class=\"title-wrapper wd-wpb wd-set-mb reset-last-child  wd-rs-69030792e7712 wd-title-color-default wd-title-style-default text-left vc_custom_1761806231676 wd-underline-colored\">\n\t\t\t\n\t\t\t<div class=\"liner-continer\">\n\t\t\t\t<h4 class=\"woodmart-title-container title  wd-font-weight- wd-fontsize-l\" >Informations sur la livraison et le ramassage<\/h4>\n\t\t\t\t\t\t\t<\/div>\n\t\t\t\n\t\t\t\n\t\t\t\n\t\t<\/div>\n\t\t\n\t\t\t\t<div id=\"wd-6903079f3e1b4\" class=\"wd-text-block wd-wpb reset-last-child wd-rs-6903079f3e1b4 text-left vc_custom_1761806276750\">\n\t\t\t<h4 data-start=\"136\" data-end=\"181\"><strong data-start=\"141\" data-end=\"181\">La fra\u00eecheur livr\u00e9e \u00e0 votre porte<\/strong><\/h4>\n<p data-start=\"182\" data-end=\"462\" class=\"translation-block\">Chez Boucherie Beirut, nous sommes fiers de vous offrir des viandes de premi\u00e8re qualit\u00e9 avec le m\u00eame soin que vous attendez de notre boucherie \u00e0 Laval. Que vous choisissiez le ramassage ou la livraison, nous veillons \u00e0 ce que votre commande soit trait\u00e9e avec fra\u00eecheur, s\u00e9curit\u00e9 et pr\u00e9cision \u00e0 chaque \u00e9tape.<\/p>\n\t\t<\/div>\n\t\t\t\t<div id=\"wd-6921751df138a\" class=\"wd-text-block wd-wpb reset-last-child wd-rs-6921751df138a text-left vc_custom_1763800363990\">\n\t\t\t<p data-start=\"136\" data-end=\"181\" class=\"translation-block\">Pour l'instant, on ne livre pas en dehors de la r\u00e9gion du Grand Montr\u00e9al, sauf pour les grosses commandes. Si t'as des demandes sp\u00e9ciales, contacte-nous pour qu'on organise une livraison personnalis\u00e9e.<\/p>\n\t\t<\/div>\n\t\t\t\t<div id=\"wd-690307fedc98c\" class=\"wd-text-block wd-wpb reset-last-child wd-rs-690307fedc98c text-left vc_custom_1761806336486\">\n\t\t\t<h4 data-start=\"136\" data-end=\"181\"><strong data-start=\"141\" data-end=\"181\">Notre processus en 4 \u00e9tapes<\/strong><\/h4>\n\t\t<\/div>\n\t\t<div class=\"vc_row wpb_row vc_inner vc_row-fluid vc_custom_1709044778263 vc_row-o-equal-height vc_row-o-content-top vc_row-flex wd-rs-65ddf42384013\"><div class=\"wpb_column vc_column_container vc_col-sm-6 vc_col-lg-3 vc_col-has-fill wd-rs-69030e4493554\"><div class=\"vc_column-inner vc_custom_1761807944072\"><div class=\"wpb_wrapper\">\t\t<div id=\"wd-69030822ab22e\" class=\"wd-image wd-wpb wd-rs-69030822ab22e text-center vc_custom_1761807589872\">\n\t\t\t\n\t\t\t<img decoding=\"async\"  alt=\"High-quality halal lamb and beef ready for delivery in Montreal\" src=\"https:\/\/www.boucheriebeirut.com\/wp-content\/uploads\/2025\/10\/shopping-online-boucherie-beirut12.svg\" title=\"shopping-online boucherie beirut12\" loading=\"lazy\" width=\"80\" height=\"80\">\n\t\t\t\t\t<\/div>\n\t\t<div class=\"vc_empty_space\"   style=\"height: 40px\"><span class=\"vc_empty_space_inner\"><\/span><\/div>\t\t<div id=\"wd-69030e996fc59\" class=\"wd-text-block wd-wpb reset-last-child wd-rs-69030e996fc59 text-center wd-font-weight-700 color-title wd-fontsize-custom vc_custom_1761808076284\">\n\t\t\t<p style=\"text-align: left;\"><strong>1. Explorez notre magasin en ligne<\/strong><\/p>\n\t\t<\/div>\n\t\t<div class=\"vc_empty_space\"   style=\"height: 20px\"><span class=\"vc_empty_space_inner\"><\/span><\/div>\t\t<div id=\"wd-69030eda8a21f\" class=\"wd-text-block wd-wpb reset-last-child wd-rs-69030eda8a21f text-center wd-font-weight-600 color-title wd-fontsize-custom vc_custom_1761808100315\">\n\t\t\t<p style=\"text-align: left;\">Add your favorite meats and products to your cart. Once ready, proceed to checkout to confirm your order details.<\/p>\n\t\t<\/div>\n\t\t<\/div><\/div><\/div><div class=\"wpb_column vc_column_container vc_col-sm-6 vc_col-lg-3 vc_col-has-fill wd-rs-69030e4e99980\"><div class=\"vc_column-inner vc_custom_1761807950494\"><div class=\"wpb_wrapper\">\t\t<div id=\"wd-69030aabcc02a\" class=\"wd-image wd-wpb wd-rs-69030aabcc02a text-center vc_custom_1761807151160\">\n\t\t\t\n\t\t\t<img decoding=\"async\"  alt=\"Butcher preparing fresh halal meat at Boucherie Beirut\" src=\"https:\/\/www.boucheriebeirut.com\/wp-content\/uploads\/2025\/10\/pickup-od-delivery-boucherie-beirut1.svg\" title=\"pickup od delivery &#8211; boucherie beirut1\" loading=\"lazy\" width=\"80\" height=\"80\">\n\t\t\t\t\t<\/div>\n\t\t<div class=\"vc_empty_space\"   style=\"height: 40px\"><span class=\"vc_empty_space_inner\"><\/span><\/div>\t\t<div id=\"wd-69030efb9c01d\" class=\"wd-text-block wd-wpb reset-last-child wd-rs-69030efb9c01d text-center wd-font-weight-700 color-title wd-fontsize-custom vc_custom_1761808134565\">\n\t\t\t<p style=\"text-align: left;\"><strong>2. Choisissez entre ramassage ou livraison<\/strong><\/p>\n\t\t<\/div>\n\t\t<div class=\"vc_empty_space\"   style=\"height: 20px\"><span class=\"vc_empty_space_inner\"><\/span><\/div>\t\t<div id=\"wd-69030f0e56cf1\" class=\"wd-text-block wd-wpb reset-last-child wd-rs-69030f0e56cf1 text-center wd-font-weight-600 color-title wd-fontsize-custom vc_custom_1761808157679\">\n\t\t\t<p style=\"text-align: left;\" data-start=\"754\" data-end=\"831\"><strong>Ramassage :<\/strong> Choisissez un cr\u00e9neau horaire qui vous convient pour venir retirer votre commande dans notre boutique de Laval.<\/p>\n<p style=\"text-align: left;\" data-start=\"754\" data-end=\"831\"><strong>Livraison :<\/strong> Disponible dans toute la r\u00e9gion du Grand Montr\u00e9al (1 \u00e0 3 jours ouvrables).<\/p>\n\t\t<\/div>\n\t\t<\/div><\/div><\/div><div class=\"wpb_column vc_column_container vc_col-sm-6 vc_col-lg-3 vc_col-has-fill wd-rs-69030e53a5931\"><div class=\"vc_column-inner vc_custom_1761807955403\"><div class=\"wpb_wrapper\">\t\t<div id=\"wd-692017a91ac8d\" class=\"wd-image wd-wpb wd-rs-692017a91ac8d text-center vc_custom_1763711367922\">\n\t\t\t\n\t\t\t<img decoding=\"async\" width=\"80\" height=\"80\" src=\"https:\/\/www.boucheriebeirut.com\/wp-content\/uploads\/2025\/11\/order-notification-by-email-boucherie-beirut-80x80.png\" class=\"attachment-80x80 size-80x80\" alt=\"wagyu halal\" srcset=\"https:\/\/www.boucheriebeirut.com\/wp-content\/uploads\/2025\/11\/order-notification-by-email-boucherie-beirut-80x80.png 80w, https:\/\/www.boucheriebeirut.com\/wp-content\/uploads\/2025\/11\/order-notification-by-email-boucherie-beirut-300x300.png 300w, https:\/\/www.boucheriebeirut.com\/wp-content\/uploads\/2025\/11\/order-notification-by-email-boucherie-beirut-150x150.png 150w, https:\/\/www.boucheriebeirut.com\/wp-content\/uploads\/2025\/11\/order-notification-by-email-boucherie-beirut.png 512w\" sizes=\"(max-width: 80px) 100vw, 80px\" \/>\n\t\t\t\t\t<\/div>\n\t\t<div class=\"vc_empty_space\"   style=\"height: 40px\"><span class=\"vc_empty_space_inner\"><\/span><\/div>\t\t<div id=\"wd-69030f5dda8db\" class=\"wd-text-block wd-wpb reset-last-child wd-rs-69030f5dda8db text-center wd-font-weight-700 color-title wd-fontsize-custom vc_custom_1761808225653\">\n\t\t\t<p style=\"text-align: left;\"><strong>3. Confirmation de commande<\/strong><\/p>\n\t\t<\/div>\n\t\t<div class=\"vc_empty_space\"   style=\"height: 20px\"><span class=\"vc_empty_space_inner\"><\/span><\/div>\t\t<div id=\"wd-69030f687d7d2\" class=\"wd-text-block wd-wpb reset-last-child wd-rs-69030f687d7d2 text-center wd-font-weight-600 color-title wd-fontsize-custom vc_custom_1761808241414\">\n\t\t\t<p style=\"text-align: left;\">Vous recevrez un e-mail de confirmation une fois votre commande pass\u00e9e. Notre \u00e9quipe pr\u00e9parera soigneusement vos articles pour qu'ils soient pr\u00eats \u00e0 \u00eatre retir\u00e9s ou livr\u00e9s.<\/p>\n\t\t<\/div>\n\t\t<\/div><\/div><\/div><div class=\"wpb_column vc_column_container vc_col-sm-6 vc_col-lg-3 vc_col-has-fill wd-rs-69030e58e8266\"><div class=\"vc_column-inner vc_custom_1761807960585\"><div class=\"wpb_wrapper\">\t\t<div id=\"wd-692017a17b1a8\" class=\"wd-image wd-wpb wd-rs-692017a17b1a8 text-center vc_custom_1763711417872\">\n\t\t\t\n\t\t\t<img decoding=\"async\" width=\"80\" height=\"80\" src=\"https:\/\/www.boucheriebeirut.com\/wp-content\/uploads\/2025\/11\/order-ready-for-pickup-or-delivered-boucherie-beirut-80x80.png\" class=\"attachment-80x80 size-80x80\" alt=\"boucherie halal\" srcset=\"https:\/\/www.boucheriebeirut.com\/wp-content\/uploads\/2025\/11\/order-ready-for-pickup-or-delivered-boucherie-beirut-80x80.png 80w, https:\/\/www.boucheriebeirut.com\/wp-content\/uploads\/2025\/11\/order-ready-for-pickup-or-delivered-boucherie-beirut-300x300.png 300w, https:\/\/www.boucheriebeirut.com\/wp-content\/uploads\/2025\/11\/order-ready-for-pickup-or-delivered-boucherie-beirut-150x150.png 150w, https:\/\/www.boucheriebeirut.com\/wp-content\/uploads\/2025\/11\/order-ready-for-pickup-or-delivered-boucherie-beirut.png 512w\" sizes=\"(max-width: 80px) 100vw, 80px\" \/>\n\t\t\t\t\t<\/div>\n\t\t<div class=\"vc_empty_space\"   style=\"height: 40px\"><span class=\"vc_empty_space_inner\"><\/span><\/div>\t\t<div id=\"wd-69030f83d91e3\" class=\"wd-text-block wd-wpb reset-last-child wd-rs-69030f83d91e3 text-center wd-font-weight-700 color-title wd-fontsize-custom vc_custom_1761808261754\">\n\t\t\t<p style=\"text-align: left;\"><strong>4. Ramassage ou livraison<\/strong><\/p>\n\t\t<\/div>\n\t\t<div class=\"vc_empty_space\"   style=\"height: 20px\"><span class=\"vc_empty_space_inner\"><\/span><\/div>\t\t<div id=\"wd-69030f8b63461\" class=\"wd-text-block wd-wpb reset-last-child wd-rs-69030f8b63461 text-center wd-font-weight-600 color-title wd-fontsize-custom vc_custom_1761808339198\">\n\t\t\t<p style=\"text-align: left;\" data-start=\"1098\" data-end=\"1172\"><strong data-start=\"1098\" data-end=\"1109\">Ramassage :<\/strong> Venez retirer votre commande \u00e0 l'heure choisie dans notre magasin.<\/p>\n<p style=\"text-align: left;\" data-start=\"1175\" data-end=\"1458\"><strong data-start=\"1175\" data-end=\"1188\">Livraison :<\/strong> Attendez-vous \u00e0 recevoir votre commande dans un d\u00e9lai de 1 \u00e0 3 jours ouvrables partout dans la r\u00e9gion du Grand Montr\u00e9al.<\/p>\n\t\t<\/div>\n\t\t<\/div><\/div><\/div><\/div><\/div><\/div><\/div><\/div><div class=\"vc_row wpb_row vc_row-fluid vc_custom_1721992778669 vc_row-has-fill wd-rs-66a3864713e36\"><div class=\"wpb_column vc_column_container vc_col-sm-12 wd-rs-65ddf436840f4\"><div class=\"vc_column-inner vc_custom_1709044794401\"><div class=\"wpb_wrapper\">\n\t\t<div id=\"wd-690315f46867e\" class=\"title-wrapper wd-wpb wd-set-mb reset-last-child  wd-rs-690315f46867e wd-title-color-default wd-title-style-default text-left vc_custom_1761809924776 wd-underline-colored\">\n\t\t\t\n\t\t\t<div class=\"liner-continer\">\n\t\t\t\t<h4 class=\"woodmart-title-container title  wd-font-weight- wd-fontsize-l\" >Politique d'\u00e9change et de retour<\/h4>\n\t\t\t\t\t\t\t<\/div>\n\t\t\t\n\t\t\t\n\t\t\t\n\t\t<\/div>\n\t\t\n\t\t\t\t<div id=\"wd-690310c611ae3\" class=\"wd-text-block wd-wpb reset-last-child wd-rs-690310c611ae3 text-left vc_custom_1761808651716\">\n\t\t\t<p class=\"translation-block\">Chez Boucherie Beirut, nous apportons le plus grand soin \u00e0 la s\u00e9lection, \u00e0 la pr\u00e9paration et \u00e0 l'emballage de votre commande afin de garantir la meilleure qualit\u00e9 et la fra\u00eecheur optimale de nos viandes et produits halal.<\/p>\n<p>\u00c9tant donn\u00e9 que nous vendons des produits frais et p\u00e9rissables, nous ne pouvons accepter les retours ou les \u00e9changes g\u00e9n\u00e9raux une fois qu'une commande a \u00e9t\u00e9 exp\u00e9di\u00e9e, livr\u00e9e ou ramass\u00e9e.<\/p>\n\t\t<\/div>\n\t\t\t\t<div id=\"wd-6921752ce8591\" class=\"wd-text-block wd-wpb reset-last-child wd-rs-6921752ce8591 text-left vc_custom_1763800376193\">\n\t\t\t<h3 data-start=\"568\" data-end=\"613\"><strong data-start=\"572\" data-end=\"613\">1. Pr\u00e9cision des commandes et garantie de qualit\u00e9<\/strong><\/h3>\n<p data-start=\"614\" data-end=\"849\" class=\"translation-block\">Chaque commande est pr\u00e9par\u00e9e avec pr\u00e9cision et inspect\u00e9e avant de quitter notre boutique. Si vous constatez un probl\u00e8me de qualit\u00e9, si vous avez re\u00e7u un article erron\u00e9 ou s'il manque un produit, veuillez nous contacter dans les 24 heures suivant la r\u00e9ception de votre commande.<\/p>\n<ul data-start=\"851\" data-end=\"964\">\n<li data-start=\"887\" data-end=\"929\">\n<p data-start=\"889\" data-end=\"929\">T\u00e9l\u00e9phone (pendant les heures d'ouverture) : <a href=\"tel:4506340184\">450 634-0184<\/a><\/p>\n<\/li>\n<li data-start=\"930\" data-end=\"964\">\n<p data-start=\"932\" data-end=\"964\">Ou utilisez notre <a class=\"decorated-link\" href=\"https:\/\/www.boucheriebeirut.com\/fr\/contactez-nous\/\" rel=\"noopener\" data-start=\"943\" data-end=\"964\"><strong data-start=\"944\" data-end=\"960\">formulaire de contact <\/strong><\/a>(Disponible 24 h\/7 j)<\/p>\n<\/li>\n<\/ul>\n<p>Si vous utilisez notre formulaire de contact, notre \u00e9quipe vous r\u00e9pondra dans les 24 heures ou dans un d\u00e9lai d'un jour ouvrable afin d'examiner votre demande.<\/p>\n<p data-start=\"966\" data-end=\"1108\" class=\"translation-block\">Veuillez inclure votre num\u00e9ro de commande, une description du probl\u00e8me et des photos (le cas \u00e9ch\u00e9ant) afin que notre \u00e9quipe puisse vous aider rapidement.<\/p>\n\t\t<\/div>\n\t\t\t\t<div id=\"wd-690312eaa4de9\" class=\"wd-text-block wd-wpb reset-last-child wd-rs-690312eaa4de9 text-left vc_custom_1761809225854\">\n\t\t\t<h3 data-start=\"568\" data-end=\"613\"><strong data-start=\"572\" data-end=\"613\">2. Conditions d'\u00e9change ou de remboursement<\/strong><\/h3>\n<p data-start=\"614\" data-end=\"849\" class=\"translation-block\">Un \u00e9change, un avoir ou un remboursement partiel peut \u00eatre accord\u00e9 dans les cas suivants :<\/p>\n<ul data-start=\"1284\" data-end=\"1427\">\n<li data-start=\"1284\" data-end=\"1331\">\n<p data-start=\"1286\" data-end=\"1331\">Vous avez re\u00e7u un article ou une quantit\u00e9 incorrecte.<\/p>\n<\/li>\n<li data-start=\"1332\" data-end=\"1374\">\n<p data-start=\"1334\" data-end=\"1374\">Un produit a \u00e9t\u00e9 endommag\u00e9 pendant la livraison.<\/p>\n<\/li>\n<li data-start=\"1375\" data-end=\"1427\">\n<p data-start=\"1377\" data-end=\"1427\">La qualit\u00e9 d'un produit ne r\u00e9pond pas \u00e0 nos normes.<\/p>\n<\/li>\n<\/ul>\n<p data-start=\"1429\" data-end=\"1473\"><strong>Pour \u00eatre \u00e9ligible \u00e0 l'examen, le produit doit :<\/strong><\/p>\n<ul data-start=\"1474\" data-end=\"1563\">\n<li data-start=\"1474\" data-end=\"1511\">\n<p data-start=\"1476\" data-end=\"1511\" class=\"translation-block\">\u00catre dans son emballage d'origine.<\/p>\n<\/li>\n<li data-start=\"1512\" data-end=\"1563\">\n<p data-start=\"1514\" data-end=\"1563\" class=\"translation-block\">Ne pas \u00eatre ouvert, utilis\u00e9 ou modifi\u00e9 de quelque mani\u00e8re que ce soit.<\/p>\n<\/li>\n<\/ul>\n<p data-start=\"1565\" data-end=\"1652\">Les produits qui ne remplissent pas ces conditions ne pourront \u00eatre ni \u00e9chang\u00e9s ni rembours\u00e9s.<\/p>\n\t\t<\/div>\n\t\t\t\t<div id=\"wd-6903135a0f097\" class=\"wd-text-block wd-wpb reset-last-child wd-rs-6903135a0f097 text-left vc_custom_1761809292269\">\n\t\t\t<h3 data-start=\"568\" data-end=\"613\"><strong data-start=\"572\" data-end=\"613\">3. Articles non retournables<\/strong><\/h3>\n<p data-start=\"614\" data-end=\"849\"><strong>Pour des raisons de s\u00e9curit\u00e9 et d'hygi\u00e8ne, nous ne pouvons accepter les retours ou les \u00e9changes sur :<\/strong><\/p>\n<ul data-start=\"1765\" data-end=\"1916\">\n<li data-start=\"1765\" data-end=\"1835\">\n<p data-start=\"1767\" data-end=\"1835\">Produits carn\u00e9s et volaille frais, congel\u00e9s ou sensibles \u00e0 la temp\u00e9rature.<\/p>\n<\/li>\n<li data-start=\"1836\" data-end=\"1916\">\n<p data-start=\"1838\" data-end=\"1916\">Tout produit qui a \u00e9t\u00e9 ouvert, utilis\u00e9 ou stock\u00e9 de mani\u00e8re inappropri\u00e9e apr\u00e8s la livraison.<\/p>\n<\/li>\n<\/ul>\n<p data-start=\"1918\" data-end=\"1993\">Merci de nous aider \u00e0 respecter des normes strictes en mati\u00e8re de s\u00e9curit\u00e9 alimentaire et de qualit\u00e9.<\/p>\n\t\t<\/div>\n\t\t\t\t<div id=\"wd-69217538d20af\" class=\"wd-text-block wd-wpb reset-last-child wd-rs-69217538d20af text-left vc_custom_1763800392543\">\n\t\t\t<h3 data-start=\"568\" data-end=\"613\"><strong data-start=\"572\" data-end=\"613\">4. Annulations<\/strong><\/h3>\n<p data-start=\"614\" data-end=\"849\">Les commandes ne peuvent \u00eatre annul\u00e9es qu'avant le d\u00e9but de leur pr\u00e9paration. Une fois que votre commande est en cours de traitement ou d'emballage, elle ne peut plus \u00eatre annul\u00e9e.<\/p>\n<p data-start=\"614\" data-end=\"849\" class=\"translation-block\">Si vous devez annuler ou modifier une commande, veuillez nous contacter d\u00e8s que possible.<\/p>\n\t\t<\/div>\n\t\t<\/div><\/div><\/div><\/div><div class=\"vc_row wpb_row vc_row-fluid vc_custom_1721987875698 vc_row-has-fill wd-rs-66a37319dfc52\"><div class=\"wpb_column vc_column_container vc_col-sm-12 wd-rs-65ddf5c435e5b\"><div class=\"vc_column-inner vc_custom_1709045193067\"><div class=\"wpb_wrapper\">\n\t\t<div id=\"wd-690314057dcec\" class=\"title-wrapper wd-wpb wd-set-mb reset-last-child  wd-rs-690314057dcec wd-title-color-default wd-title-style-default text-left vc_custom_1761809415134 wd-underline-colored\">\n\t\t\t\n\t\t\t<div class=\"liner-continer\">\n\t\t\t\t<h4 class=\"woodmart-title-container title  wd-font-weight- wd-fontsize-l\" >Questions Fr\u00e9quentes<\/h4>\n\t\t\t\t\t\t\t<\/div>\n\t\t\t\n\t\t\t\n\t\t\t\n\t\t<\/div>\n\t\t\n\t\t\n\t\t<div id=\"wd-6903158089bd4\" class=\"wd-accordion wd-wpb wd-rs-6903158089bd4 vc_custom_1761809832640 wd-style-default wd-border-off wd-titles-left wd-opener-pos-right wd-opener-style-arrow\" data-state=\"all_closed\">\n\t\t\t\t\t\t\t\n\t\t\t\t\n\t\t\t\t<div class=\"wd-accordion-item\">\n\t\t\t\t\t<div class=\"wd-accordion-title wd-role-btn font-primary wd-fontsize-m wd-font-weight-700\" data-accordion-index=\"0\" tabindex=\"0\">\n\t\t\t\t\t\t<div class=\"wd-accordion-title-text\">\n\t\t\t\t\t\t\t\t\t\t\t\t\t\t<span>\n\t\t\t\t\t\t\t\tPuis-je retourner ou \u00e9changer ma commande ?\t\t\t\t\t\t\t<\/span>\n\t\t\t\t\t\t<\/div>\n\t\t\t\t\t\t<span class=\"wd-accordion-opener\"><\/span>\n\t\t\t\t\t<\/div>\n\n\t\t\t\t\t<div class=\"wd-accordion-content wd-entry-content\" data-accordion-index=\"0\">\n\t\t\t\t\t\t\t\t\t\t\t\t\t<p class=\"translation-block\">\u00c9tant donn\u00e9 que nous vendons des produits frais et p\u00e9rissables, les retours ou les \u00e9changes ne sont pas accept\u00e9s une fois qu'une commande a \u00e9t\u00e9 livr\u00e9e ou r\u00e9cup\u00e9r\u00e9e. Toutefois, si vous avez re\u00e7u un article erron\u00e9 ou si vous constatez un probl\u00e8me de qualit\u00e9, veuillez nous contacter dans les 24 heures pour obtenir de l'aide.<\/p>\n\t\t\t\t\t\t\t\t\t\t\t<\/div>\n\t\t\t\t<\/div>\n\t\t\t\t\t\t\t\n\t\t\t\t\n\t\t\t\t<div class=\"wd-accordion-item\">\n\t\t\t\t\t<div class=\"wd-accordion-title wd-role-btn font-primary wd-fontsize-m wd-font-weight-700\" data-accordion-index=\"1\" tabindex=\"0\">\n\t\t\t\t\t\t<div class=\"wd-accordion-title-text\">\n\t\t\t\t\t\t\t\t\t\t\t\t\t\t<span>\n\t\t\t\t\t\t\t\tPuis-je annuler ma commande apr\u00e8s l'avoir pass\u00e9e ?\t\t\t\t\t\t\t<\/span>\n\t\t\t\t\t\t<\/div>\n\t\t\t\t\t\t<span class=\"wd-accordion-opener\"><\/span>\n\t\t\t\t\t<\/div>\n\n\t\t\t\t\t<div class=\"wd-accordion-content wd-entry-content\" data-accordion-index=\"1\">\n\t\t\t\t\t\t\t\t\t\t\t\t\t<p class=\"translation-block\">Vous pouvez annuler votre commande uniquement avant qu'elle ne soit pr\u00e9par\u00e9e ou emball\u00e9e. Une fois le processus de pr\u00e9paration commenc\u00e9, aucune annulation n'est possible. Veuillez nous contacter d\u00e8s que possible si vous souhaitez annuler ou modifier votre commande.<\/p>\n\t\t\t\t\t\t\t\t\t\t\t<\/div>\n\t\t\t\t<\/div>\n\t\t\t\t\t\t\t\n\t\t\t\t\n\t\t\t\t<div class=\"wd-accordion-item\">\n\t\t\t\t\t<div class=\"wd-accordion-title wd-role-btn font-primary wd-fontsize-m wd-font-weight-700\" data-accordion-index=\"2\" tabindex=\"0\">\n\t\t\t\t\t\t<div class=\"wd-accordion-title-text\">\n\t\t\t\t\t\t\t\t\t\t\t\t\t\t<span>\n\t\t\t\t\t\t\t\tQue faire si ma commande arrive endommag\u00e9e ou d\u00e9t\u00e9rior\u00e9e ?\t\t\t\t\t\t\t<\/span>\n\t\t\t\t\t\t<\/div>\n\t\t\t\t\t\t<span class=\"wd-accordion-opener\"><\/span>\n\t\t\t\t\t<\/div>\n\n\t\t\t\t\t<div class=\"wd-accordion-content wd-entry-content\" data-accordion-index=\"2\">\n\t\t\t\t\t\t\t\t\t\t\t\t\t<p>Nous prenons toutes les pr\u00e9cautions n\u00e9cessaires pour garantir un emballage et un transport s\u00fbrs. Si votre commande arrive en mauvais \u00e9tat, veuillez nous en informer dans les <strong data-start=\"1604\" data-end=\"1616\">24 heures<\/strong> suivant la livraison, en joignant des photos et des d\u00e9tails, afin que nous puissions examiner et r\u00e9soudre le probl\u00e8me. Vous pouvez utiliser notre <a href=\"https:\/\/www.boucheriebeirut.com\/fr\/contactez-nous\/\">formulaire de contact<\/a>.<\/p>\n\t\t\t\t\t\t\t\t\t\t\t<\/div>\n\t\t\t\t<\/div>\n\t\t\t\t\t\t\t\n\t\t\t\t\n\t\t\t\t<div class=\"wd-accordion-item\">\n\t\t\t\t\t<div class=\"wd-accordion-title wd-role-btn font-primary wd-fontsize-m wd-font-weight-700\" data-accordion-index=\"3\" tabindex=\"0\">\n\t\t\t\t\t\t<div class=\"wd-accordion-title-text\">\n\t\t\t\t\t\t\t\t\t\t\t\t\t\t<span>\n\t\t\t\t\t\t\t\tDois-je renvoyer le produit s'il y a un probl\u00e8me ?\t\t\t\t\t\t\t<\/span>\n\t\t\t\t\t\t<\/div>\n\t\t\t\t\t\t<span class=\"wd-accordion-opener\"><\/span>\n\t\t\t\t\t<\/div>\n\n\t\t\t\t\t<div class=\"wd-accordion-content wd-entry-content\" data-accordion-index=\"3\">\n\t\t\t\t\t\t\t\t\t\t\t\t\t<p class=\"translation-block\">Oui. Pour pouvoir \u00eatre examin\u00e9 ou \u00e9chang\u00e9, le produit doit \u00eatre dans son emballage d'origine, non ouvert et non alt\u00e9r\u00e9. Cela nous aide \u00e0 v\u00e9rifier le probl\u00e8me et \u00e0 respecter les normes de sant\u00e9 et de s\u00e9curit\u00e9.<\/p>\n\t\t\t\t\t\t\t\t\t\t\t<\/div>\n\t\t\t\t<\/div>\n\t\t\t\t\t\t\t\n\t\t\t\t\n\t\t\t\t<div class=\"wd-accordion-item\">\n\t\t\t\t\t<div class=\"wd-accordion-title wd-role-btn font-primary wd-fontsize-m wd-font-weight-700\" data-accordion-index=\"4\" tabindex=\"0\">\n\t\t\t\t\t\t<div class=\"wd-accordion-title-text\">\n\t\t\t\t\t\t\t\t\t\t\t\t\t\t<span>\n\t\t\t\t\t\t\t\t\u00c0 quoi dois-je m'attendre lors de la r\u00e9ception de ma livraison ?\t\t\t\t\t\t\t<\/span>\n\t\t\t\t\t\t<\/div>\n\t\t\t\t\t\t<span class=\"wd-accordion-opener\"><\/span>\n\t\t\t\t\t<\/div>\n\n\t\t\t\t\t<div class=\"wd-accordion-content wd-entry-content\" data-accordion-index=\"4\">\n\t\t\t\t\t\t\t\t\t\t\t\t\t<p class=\"translation-block\">Notre coursier peut vous contacter avant son arriv\u00e9e pour confirmer l'heure de livraison ou obtenir des indications si n\u00e9cessaire. Veuillez vous assurer qu'une personne sera pr\u00e9sente \u00e0 l'adresse de livraison pour r\u00e9ceptionner la commande. Si personne n'est pr\u00e9sent, votre livraison pourrait \u00eatre retard\u00e9e ou reprogramm\u00e9e, et des frais suppl\u00e9mentaires pourraient s'appliquer.<\/p>\n\t\t\t\t\t\t\t\t\t\t\t<\/div>\n\t\t\t\t<\/div>\n\t\t\t\t\t\t\t\t\t\t\t\t\t\t<\/div>\n\n\t\t<\/div><\/div><\/div><\/div>\n<\/div>","protected":false},"excerpt":{"rendered":"Delivery &amp; Pickup Information Freshness Delivered to Your Doorstep At Boucherie Beirut, we take pride in delivering premium meats with","protected":false},"author":1,"featured_media":0,"parent":0,"menu_order":0,"comment_status":"closed","ping_status":"closed","template":"","meta":{"footnotes":""},"class_list":["post-66","page","type-page","status-publish","hentry"],"aioseo_notices":[],"jetpack_sharing_enabled":true,"_links":{"self":[{"href":"https:\/\/www.boucheriebeirut.com\/fr\/wp-json\/wp\/v2\/pages\/66","targetHints":{"allow":["GET"]}}],"collection":[{"href":"https:\/\/www.boucheriebeirut.com\/fr\/wp-json\/wp\/v2\/pages"}],"about":[{"href":"https:\/\/www.boucheriebeirut.com\/fr\/wp-json\/wp\/v2\/types\/page"}],"author":[{"embeddable":true,"href":"https:\/\/www.boucheriebeirut.com\/fr\/wp-json\/wp\/v2\/users\/1"}],"replies":[{"embeddable":true,"href":"https:\/\/www.boucheriebeirut.com\/fr\/wp-json\/wp\/v2\/comments?post=66"}],"version-history":[{"count":0,"href":"https:\/\/www.boucheriebeirut.com\/fr\/wp-json\/wp\/v2\/pages\/66\/revisions"}],"wp:attachment":[{"href":"https:\/\/www.boucheriebeirut.com\/fr\/wp-json\/wp\/v2\/media?parent=66"}],"curies":[{"name":"wp","href":"https:\/\/api.w.org\/{rel}","templated":true}]}}