{"id":68,"date":"2024-07-26T14:24:44","date_gmt":"2024-07-26T14:24:44","guid":{"rendered":"https:\/\/dummy.xtemos.com\/woodmart2\/vegetables\/?page_id=68"},"modified":"2025-11-21T03:03:12","modified_gmt":"2025-11-21T08:03:12","slug":"promotions","status":"publish","type":"page","link":"https:\/\/www.boucheriebeirut.com\/fr\/promotions\/","title":{"rendered":"Promotions"},"content":{"rendered":"<div class=\"wpb-content-wrapper\"><div class=\"vc_row wpb_row vc_row-fluid\"><div class=\"wpb_column vc_column_container vc_col-sm-12\"><div class=\"vc_column-inner\"><div class=\"wpb_wrapper\">\n\t<div class=\"wpb_text_column wpb_content_element\" >\n\t\t<div class=\"wpb_wrapper\">\n\t\t\t<h2>Des offres et promotions exceptionnelles sont en pr\u00e9paration. Restez \u00e0 l'\u00e9coute !<\/h2>\n\n\t\t<\/div>\n\t<\/div>\n<\/div><\/div><\/div><\/div>\n<\/div>","protected":false},"excerpt":{"rendered":"Des offres et promotions exceptionnelles sont en pr\u00e9paration. Restez \u00e0 l'\u00e9coute !","protected":false},"author":1,"featured_media":0,"parent":0,"menu_order":0,"comment_status":"closed","ping_status":"closed","template":"","meta":{"footnotes":""},"class_list":["post-68","page","type-page","status-publish","hentry"],"aioseo_notices":[],"jetpack_sharing_enabled":true,"_links":{"self":[{"href":"https:\/\/www.boucheriebeirut.com\/fr\/wp-json\/wp\/v2\/pages\/68","targetHints":{"allow":["GET"]}}],"collection":[{"href":"https:\/\/www.boucheriebeirut.com\/fr\/wp-json\/wp\/v2\/pages"}],"about":[{"href":"https:\/\/www.boucheriebeirut.com\/fr\/wp-json\/wp\/v2\/types\/page"}],"author":[{"embeddable":true,"href":"https:\/\/www.boucheriebeirut.com\/fr\/wp-json\/wp\/v2\/users\/1"}],"replies":[{"embeddable":true,"href":"https:\/\/www.boucheriebeirut.com\/fr\/wp-json\/wp\/v2\/comments?post=68"}],"version-history":[{"count":0,"href":"https:\/\/www.boucheriebeirut.com\/fr\/wp-json\/wp\/v2\/pages\/68\/revisions"}],"wp:attachment":[{"href":"https:\/\/www.boucheriebeirut.com\/fr\/wp-json\/wp\/v2\/media?parent=68"}],"curies":[{"name":"wp","href":"https:\/\/api.w.org\/{rel}","templated":true}]}}